{"id":20398,"date":"2025-07-17T09:46:19","date_gmt":"2025-07-17T09:46:19","guid":{"rendered":"https:\/\/romanswinedanube.hu\/?page_id=20398"},"modified":"2025-07-17T09:51:03","modified_gmt":"2025-07-17T09:51:03","slug":"vilagorokseg-pecs","status":"publish","type":"page","link":"https:\/\/romanswinedanube.hu\/en\/vilagorokseg-pecs\/","title":{"rendered":"World Heritage Site - P\u00e9cs"},"content":{"rendered":"<div data-elementor-type=\"wp-page\" data-elementor-id=\"20398\" class=\"elementor elementor-20398\" data-elementor-post-type=\"page\">\n\t\t\t\t\t\t<section class=\"elementor-section elementor-top-section elementor-element elementor-element-65c1201 elementor-section-boxed elementor-section-height-default elementor-section-height-default sc_fly_static\" data-id=\"65c1201\" data-element_type=\"section\">\n\t\t\t\t\t\t<div class=\"elementor-container elementor-column-gap-extended\">\n\t\t\t\t\t<div class=\"elementor-column elementor-col-100 elementor-top-column elementor-element elementor-element-48e0b19 sc_content_align_inherit sc_layouts_column_icons_position_left sc_fly_static\" data-id=\"48e0b19\" data-element_type=\"column\">\n\t\t\t<div class=\"elementor-widget-wrap\">\n\t\t\t\t\t\t\t<\/div>\n\t\t<\/div>\n\t\t\t\t\t<\/div>\n\t\t<\/section>\n\t\t\t\t<section class=\"elementor-section elementor-top-section elementor-element elementor-element-590e51f elementor-section-boxed elementor-section-height-default elementor-section-height-default sc_fly_static\" data-id=\"590e51f\" data-element_type=\"section\">\n\t\t\t\t\t\t<div class=\"elementor-container elementor-column-gap-extended\">\n\t\t\t\t\t<div class=\"elementor-column elementor-col-100 elementor-top-column elementor-element elementor-element-e23e216 sc_content_align_inherit sc_layouts_column_icons_position_left sc_fly_static\" data-id=\"e23e216\" data-element_type=\"column\">\n\t\t\t<div class=\"elementor-widget-wrap elementor-element-populated\">\n\t\t\t\t\t\t<div class=\"elementor-element elementor-element-6c67985 sc_fly_static elementor-widget elementor-widget-trx_sc_portfolio\" data-id=\"6c67985\" data-element_type=\"widget\" data-widget_type=\"trx_sc_portfolio.default\">\n\t\t\t\t<div class=\"elementor-widget-container\">\n\t\t\t\t\t<div \t\tclass=\"sc_portfolio sc_portfolio_default\"><div class=\"sc_portfolio_columns_wrap sc_item_columns sc_item_posts_container trx_addons_columns_wrap columns_padding_bottom grid_wrap_3 columns_in_single_row\"><div class=\"trx_addons_column-1_3\"><div data-post-id=\"2759\" class=\"sc_portfolio_item sc_item_container post_container\"\n\t\tdata-size=\"1486x993\"\n\tdata-src=\"https:\/\/romanswinedanube.hu\/wp-content\/uploads\/2025\/07\/vilagorokseg1.png\"\n\t>\n\t<div class=\"post_featured with_thumb hover_info sc_portfolio_item_thumb post_featured_bg\"><span class=\"post_thumb post_thumb_bg bg_in expo_inline_1402011401\"><\/span>\t\t\t\t\t\t<div class=\"mask\"><\/div>\n\t\t\t\t\t\t<a href=\"https:\/\/romanswinedanube.hu\/en\/portfolio\/okereszteny-mauzoleum\/\"><\/a><div class=\"post_info\"><h5 class=\"post_title\"><a href=\"https:\/\/romanswinedanube.hu\/en\/portfolio\/okereszteny-mauzoleum\/\">Old Christian Mausoleum<\/a><\/h5><div class=\"post_meta\"><span class=\"post_meta_item post_categories cat_sep\"><a href=\"https:\/\/romanswinedanube.hu\/en\/portfolio_group\/vilagorokseg\/\" title=\"View all posts in Vil\u00e1g\u00f6r\u00f6ks\u00e9g\">World Heritage<\/a><\/span><\/div><\/div><\/div>\t\n<\/div><\/div><div class=\"trx_addons_column-1_3\"><div data-post-id=\"2761\" class=\"sc_portfolio_item sc_item_container post_container\"\n\t\tdata-size=\"1489x992\"\n\tdata-src=\"https:\/\/romanswinedanube.hu\/wp-content\/uploads\/2025\/07\/vilagorokseg2-1.png\"\n\t>\n\t<div class=\"post_featured with_thumb hover_info sc_portfolio_item_thumb post_featured_bg\"><span class=\"post_thumb post_thumb_bg bg_in expo_inline_1550385009\"><\/span>\t\t\t\t\t\t<div class=\"mask\"><\/div>\n\t\t\t\t\t\t<a href=\"https:\/\/romanswinedanube.hu\/en\/portfolio\/korsos-sirkamra\/\"><\/a><div class=\"post_info\"><h5 class=\"post_title\"><a href=\"https:\/\/romanswinedanube.hu\/en\/portfolio\/korsos-sirkamra\/\">Pitcher tomb<\/a><\/h5><div class=\"post_meta\"><span class=\"post_meta_item post_categories cat_sep\"><a href=\"https:\/\/romanswinedanube.hu\/en\/portfolio_group\/vilagorokseg\/\" title=\"View all posts in Vil\u00e1g\u00f6r\u00f6ks\u00e9g\">World Heritage<\/a><\/span><\/div><\/div><\/div>\t\n<\/div><\/div><div class=\"trx_addons_column-1_3\"><div data-post-id=\"18198\" class=\"sc_portfolio_item sc_item_container post_container\"\n\t\tdata-size=\"1500x1000\"\n\tdata-src=\"https:\/\/romanswinedanube.hu\/wp-content\/uploads\/2025\/07\/vilagorokseg3-1.png\"\n\t>\n\t<div class=\"post_featured with_thumb hover_info sc_portfolio_item_thumb post_featured_bg\"><span class=\"post_thumb post_thumb_bg bg_in expo_inline_394553350\"><\/span>\t\t\t\t\t\t<div class=\"mask\"><\/div>\n\t\t\t\t\t\t<a href=\"https:\/\/romanswinedanube.hu\/en\/portfolio\/peter-pal-sirkamra\/\"><\/a><div class=\"post_info\"><h5 class=\"post_title\"><a href=\"https:\/\/romanswinedanube.hu\/en\/portfolio\/peter-pal-sirkamra\/\">Peter and Paul Tomb<\/a><\/h5><div class=\"post_meta\"><span class=\"post_meta_item post_categories cat_sep\"><a href=\"https:\/\/romanswinedanube.hu\/en\/portfolio_group\/vilagorokseg\/\" title=\"View all posts in Vil\u00e1g\u00f6r\u00f6ks\u00e9g\">World Heritage<\/a><\/span><\/div><\/div><\/div>\t\n<\/div><\/div><\/div><\/div>\t\t\t\t<\/div>\n\t\t\t\t<\/div>\n\t\t\t\t\t<\/div>\n\t\t<\/div>\n\t\t\t\t\t<\/div>\n\t\t<\/section>\n\t\t\t\t<\/div>","protected":false},"excerpt":{"rendered":"<p>Sleeping Woman Classic Gallery Portrait of a Man in a Turban Classic Gallery The Travelling Companions Classic Gallery<\/p>","protected":false},"author":1,"featured_media":0,"parent":0,"menu_order":0,"comment_status":"closed","ping_status":"closed","template":"","meta":{"footnotes":""},"class_list":["post-20398","page","type-page","status-publish","hentry"],"yoast_head":"<!-- This site is optimized with the Yoast SEO Premium plugin v25.4 (Yoast SEO v25.6) - https:\/\/yoast.com\/wordpress\/plugins\/seo\/ -->\n<title>Vil\u00e1g\u00f6r\u00f6ks\u00e9g - P\u00e9cs - Romanswinedanube.hu<\/title>\n<meta name=\"robots\" content=\"index, follow, max-snippet:-1, max-image-preview:large, max-video-preview:-1\" \/>\n<link rel=\"canonical\" href=\"https:\/\/romanswinedanube.hu\/en\/vilagorokseg-pecs\/\" \/>\n<meta property=\"og:locale\" content=\"en_GB\" \/>\n<meta property=\"og:type\" content=\"article\" \/>\n<meta property=\"og:title\" content=\"Vil\u00e1g\u00f6r\u00f6ks\u00e9g - P\u00e9cs\" \/>\n<meta property=\"og:description\" content=\"Sleeping Woman Classic Gallery Portrait of a Man in a Turban Classic Gallery The Travelling Companions Classic Gallery\" \/>\n<meta property=\"og:url\" content=\"https:\/\/romanswinedanube.hu\/en\/vilagorokseg-pecs\/\" \/>\n<meta property=\"og:site_name\" content=\"Romanswinedanube.hu\" \/>\n<meta property=\"article:publisher\" content=\"https:\/\/www.facebook.com\/romaifesztival\" \/>\n<meta property=\"article:modified_time\" content=\"2025-07-17T09:51:03+00:00\" \/>\n<meta name=\"twitter:card\" content=\"summary_large_image\" \/>\n<script type=\"application\/ld+json\" class=\"yoast-schema-graph\">{\"@context\":\"https:\/\/schema.org\",\"@graph\":[{\"@type\":\"WebPage\",\"@id\":\"https:\/\/romanswinedanube.hu\/vilagorokseg-pecs\/\",\"url\":\"https:\/\/romanswinedanube.hu\/vilagorokseg-pecs\/\",\"name\":\"Vil\u00e1g\u00f6r\u00f6ks\u00e9g - P\u00e9cs - Romanswinedanube.hu\",\"isPartOf\":{\"@id\":\"https:\/\/romanswinedanube.hu\/#website\"},\"datePublished\":\"2025-07-17T09:46:19+00:00\",\"dateModified\":\"2025-07-17T09:51:03+00:00\",\"breadcrumb\":{\"@id\":\"https:\/\/romanswinedanube.hu\/vilagorokseg-pecs\/#breadcrumb\"},\"inLanguage\":\"en-GB\",\"potentialAction\":[{\"@type\":\"ReadAction\",\"target\":[\"https:\/\/romanswinedanube.hu\/vilagorokseg-pecs\/\"]}]},{\"@type\":\"BreadcrumbList\",\"@id\":\"https:\/\/romanswinedanube.hu\/vilagorokseg-pecs\/#breadcrumb\",\"itemListElement\":[{\"@type\":\"ListItem\",\"position\":1,\"name\":\"Kezd\u0151lap\",\"item\":\"https:\/\/romanswinedanube.hu\/\"},{\"@type\":\"ListItem\",\"position\":2,\"name\":\"Vil\u00e1g\u00f6r\u00f6ks\u00e9g &#8211; P\u00e9cs\"}]},{\"@type\":\"WebSite\",\"@id\":\"https:\/\/romanswinedanube.hu\/#website\",\"url\":\"https:\/\/romanswinedanube.hu\/\",\"name\":\"Romanswinedanube.hu\",\"description\":\"R\u00f3mai fesztiv\u00e1l P\u00e9cs\",\"publisher\":{\"@id\":\"https:\/\/romanswinedanube.hu\/#organization\"},\"potentialAction\":[{\"@type\":\"SearchAction\",\"target\":{\"@type\":\"EntryPoint\",\"urlTemplate\":\"https:\/\/romanswinedanube.hu\/?s={search_term_string}\"},\"query-input\":{\"@type\":\"PropertyValueSpecification\",\"valueRequired\":true,\"valueName\":\"search_term_string\"}}],\"inLanguage\":\"en-GB\"},{\"@type\":\"Organization\",\"@id\":\"https:\/\/romanswinedanube.hu\/#organization\",\"name\":\"R\u00f3mai Fesztiv\u00e1l P\u00e9cs\",\"url\":\"https:\/\/romanswinedanube.hu\/\",\"logo\":{\"@type\":\"ImageObject\",\"inLanguage\":\"en-GB\",\"@id\":\"https:\/\/romanswinedanube.hu\/#\/schema\/logo\/image\/\",\"url\":\"https:\/\/romanswinedanube.hu\/wp-content\/uploads\/2025\/07\/cropped-0_Logo_Route-1.png\",\"contentUrl\":\"https:\/\/romanswinedanube.hu\/wp-content\/uploads\/2025\/07\/cropped-0_Logo_Route-1.png\",\"width\":1121,\"height\":1271,\"caption\":\"R\u00f3mai Fesztiv\u00e1l P\u00e9cs\"},\"image\":{\"@id\":\"https:\/\/romanswinedanube.hu\/#\/schema\/logo\/image\/\"},\"sameAs\":[\"https:\/\/www.facebook.com\/romaifesztival\"]}]}<\/script>\n<!-- \/ Yoast SEO Premium plugin. -->","yoast_head_json":{"title":"Vil\u00e1g\u00f6r\u00f6ks\u00e9g - P\u00e9cs - Romanswinedanube.hu","robots":{"index":"index","follow":"follow","max-snippet":"max-snippet:-1","max-image-preview":"max-image-preview:large","max-video-preview":"max-video-preview:-1"},"canonical":"https:\/\/romanswinedanube.hu\/en\/vilagorokseg-pecs\/","og_locale":"en_GB","og_type":"article","og_title":"Vil\u00e1g\u00f6r\u00f6ks\u00e9g - P\u00e9cs","og_description":"Sleeping Woman Classic Gallery Portrait of a Man in a Turban Classic Gallery The Travelling Companions Classic Gallery","og_url":"https:\/\/romanswinedanube.hu\/en\/vilagorokseg-pecs\/","og_site_name":"Romanswinedanube.hu","article_publisher":"https:\/\/www.facebook.com\/romaifesztival","article_modified_time":"2025-07-17T09:51:03+00:00","twitter_card":"summary_large_image","schema":{"@context":"https:\/\/schema.org","@graph":[{"@type":"WebPage","@id":"https:\/\/romanswinedanube.hu\/vilagorokseg-pecs\/","url":"https:\/\/romanswinedanube.hu\/vilagorokseg-pecs\/","name":"Vil\u00e1g\u00f6r\u00f6ks\u00e9g - P\u00e9cs - Romanswinedanube.hu","isPartOf":{"@id":"https:\/\/romanswinedanube.hu\/#website"},"datePublished":"2025-07-17T09:46:19+00:00","dateModified":"2025-07-17T09:51:03+00:00","breadcrumb":{"@id":"https:\/\/romanswinedanube.hu\/vilagorokseg-pecs\/#breadcrumb"},"inLanguage":"en-GB","potentialAction":[{"@type":"ReadAction","target":["https:\/\/romanswinedanube.hu\/vilagorokseg-pecs\/"]}]},{"@type":"BreadcrumbList","@id":"https:\/\/romanswinedanube.hu\/vilagorokseg-pecs\/#breadcrumb","itemListElement":[{"@type":"ListItem","position":1,"name":"Kezd\u0151lap","item":"https:\/\/romanswinedanube.hu\/"},{"@type":"ListItem","position":2,"name":"Vil\u00e1g\u00f6r\u00f6ks\u00e9g &#8211; P\u00e9cs"}]},{"@type":"WebSite","@id":"https:\/\/romanswinedanube.hu\/#website","url":"https:\/\/romanswinedanube.hu\/","name":"Romanswinedanube.hu","description":"Roman Festival P\u00e9cs","publisher":{"@id":"https:\/\/romanswinedanube.hu\/#organization"},"potentialAction":[{"@type":"SearchAction","target":{"@type":"EntryPoint","urlTemplate":"https:\/\/romanswinedanube.hu\/?s={search_term_string}"},"query-input":{"@type":"PropertyValueSpecification","valueRequired":true,"valueName":"search_term_string"}}],"inLanguage":"en-GB"},{"@type":"Organization","@id":"https:\/\/romanswinedanube.hu\/#organization","name":"Roman Festival P\u00e9cs","url":"https:\/\/romanswinedanube.hu\/","logo":{"@type":"ImageObject","inLanguage":"en-GB","@id":"https:\/\/romanswinedanube.hu\/#\/schema\/logo\/image\/","url":"https:\/\/romanswinedanube.hu\/wp-content\/uploads\/2025\/07\/cropped-0_Logo_Route-1.png","contentUrl":"https:\/\/romanswinedanube.hu\/wp-content\/uploads\/2025\/07\/cropped-0_Logo_Route-1.png","width":1121,"height":1271,"caption":"R\u00f3mai Fesztiv\u00e1l P\u00e9cs"},"image":{"@id":"https:\/\/romanswinedanube.hu\/#\/schema\/logo\/image\/"},"sameAs":["https:\/\/www.facebook.com\/romaifesztival"]}]}},"_links":{"self":[{"href":"https:\/\/romanswinedanube.hu\/en\/wp-json\/wp\/v2\/pages\/20398","targetHints":{"allow":["GET"]}}],"collection":[{"href":"https:\/\/romanswinedanube.hu\/en\/wp-json\/wp\/v2\/pages"}],"about":[{"href":"https:\/\/romanswinedanube.hu\/en\/wp-json\/wp\/v2\/types\/page"}],"author":[{"embeddable":true,"href":"https:\/\/romanswinedanube.hu\/en\/wp-json\/wp\/v2\/users\/1"}],"replies":[{"embeddable":true,"href":"https:\/\/romanswinedanube.hu\/en\/wp-json\/wp\/v2\/comments?post=20398"}],"version-history":[{"count":0,"href":"https:\/\/romanswinedanube.hu\/en\/wp-json\/wp\/v2\/pages\/20398\/revisions"}],"wp:attachment":[{"href":"https:\/\/romanswinedanube.hu\/en\/wp-json\/wp\/v2\/media?parent=20398"}],"curies":[{"name":"wp","href":"https:\/\/api.w.org\/{rel}","templated":true}]}}